{"id":37907,"date":"2024-07-04T20:58:32","date_gmt":"2024-07-04T20:58:32","guid":{"rendered":"https:\/\/theme-dev.cmsmasters.net\/physiozen\/?page_id=37907"},"modified":"2025-10-01T11:17:10","modified_gmt":"2025-10-01T09:17:10","slug":"home-three","status":"publish","type":"page","link":"https:\/\/gemmacallico.com\/","title":{"rendered":"Immersi\u00f3"},"content":{"rendered":"\t\t<div data-elementor-type=\"wp-page\" data-elementor-id=\"37907\" class=\"elementor elementor-37907\">\n\t\t\t\t<section class=\"elementor-element elementor-element-f1fc847 e-con-full e-flex cmsmasters-bg-hide-none cmsmasters-bg-hide-none cmsmasters-block-default e-con e-child\" data-id=\"f1fc847\" data-element_type=\"container\" data-e-type=\"container\" data-settings=\"{&quot;background_background&quot;:&quot;classic&quot;}\">\n\t\t<section class=\"elementor-element elementor-element-6f34bea e-con-full e-flex cmsmasters-block-default e-con e-child\" data-id=\"6f34bea\" data-element_type=\"container\" data-e-type=\"container\">\n\t\t\t\t<div class=\"elementor-element elementor-element-d2f1164 elementor-widget__width-initial elementor-widget-tablet__width-inherit cmsmasters-block-default cmsmasters-sticky-default elementor-invisible elementor-widget elementor-widget-heading\" data-id=\"d2f1164\" data-element_type=\"widget\" data-e-type=\"widget\" data-settings=\"{&quot;_animation&quot;:&quot;fadeIn&quot;}\" data-widget_type=\"heading.default\">\n\t\t\t\t\t<h1 class=\"elementor-heading-title elementor-size-default\"><p>IMMERSI\u00d3:<\/p>Un retir hol\u00edstic de sanaci\u00f3 profunda.<\/h1>\t\t\t\t<\/div>\n\t\t\t\t<div class=\"elementor-element elementor-element-db69ba4 elementor-widget__width-initial elementor-widget-tablet__width-initial elementor-widget-mobile__width-inherit cmsmasters-block-default cmsmasters-sticky-default elementor-invisible elementor-widget elementor-widget-heading\" data-id=\"db69ba4\" data-element_type=\"widget\" data-e-type=\"widget\" data-settings=\"{&quot;_animation&quot;:&quot;fadeIn&quot;}\" data-widget_type=\"heading.default\">\n\t\t\t\t\t<p class=\"elementor-heading-title elementor-size-default\">Com tornar a tu i alliberar-te de tot l'estr\u00e8s i l'ansietat  en un cap de setmana.<\/p>\t\t\t\t<\/div>\n\t\t\t\t<\/section>\n\t\t<section class=\"elementor-element elementor-element-1546657 e-con-full e-flex cmsmasters-block-default e-con e-child\" data-id=\"1546657\" data-element_type=\"container\" data-e-type=\"container\">\n\t\t\t\t<div class=\"elementor-element elementor-element-d459afb popmake-44940 cmsmasters-icon-arrangement-together cmsmasters-block-default cmsmasters-sticky-default elementor-invisible elementor-widget elementor-widget-cmsmasters-button\" data-id=\"d459afb\" data-element_type=\"widget\" data-e-type=\"widget\" data-settings=\"{&quot;_animation&quot;:&quot;fadeInDown&quot;,&quot;_animation_delay&quot;:600}\" data-widget_type=\"cmsmasters-button.default\">\n\t\t\t\t\t<div class=\"elementor-widget-cmsmasters-button__button-container\"><div class=\"elementor-widget-cmsmasters-button__button-container-inner\"><a class=\"elementor-widget-cmsmasters-button__button cmsmasters-icon-view-default cmsmasters-icon-shape- cmsmasters-button-size-sm\" role=\"button\" tabindex=\"0\"><span class=\"elementor-widget-cmsmasters-button__content-wrapper cmsmasters-align-icon-right\"><span class=\"elementor-widget-cmsmasters-button__icon\"><i aria-hidden=\"true\" class=\"cmsmsdemo-icon- cmsms-demo-icon-bullet\"><\/i><\/span><span class=\"elementor-widget-cmsmasters-button__text\">Veure el v\u00eddeo ara<\/span><\/span><\/a><\/div><\/div>\t\t\t\t<\/div>\n\t\t\t\t<\/section>\n\t\t\t\t<\/section>\n\t\t<section class=\"elementor-element elementor-element-164598c e-flex e-con-boxed cmsmasters-bg-hide-none cmsmasters-bg-hide-none cmsmasters-block-default e-con e-parent\" data-id=\"164598c\" data-element_type=\"container\" data-e-type=\"container\" data-settings=\"{&quot;background_background&quot;:&quot;classic&quot;}\">\n\t\t\t\t\t<div class=\"e-con-inner\">\n\t\t<div class=\"elementor-element elementor-element-39ad4cd e-con-full e-flex cmsmasters-block-default e-con e-child\" data-id=\"39ad4cd\" data-element_type=\"container\" data-e-type=\"container\">\n\t\t\t\t<div class=\"elementor-element elementor-element-f8217cf elementor-widget__width-initial elementor-widget-mobile__width-initial cmsmasters-effect cmsmasters-effect-type-scroll elementor-widget-tablet__width-initial cmsmasters-block-default cmsmasters-sticky-default elementor-widget elementor-widget-image\" data-id=\"f8217cf\" data-element_type=\"widget\" data-e-type=\"widget\" data-settings=\"{&quot;cms_scroll_effects&quot;:[&quot;vertical&quot;],&quot;cms_scroll_vertical_speed&quot;:{&quot;unit&quot;:&quot;px&quot;,&quot;size&quot;:1,&quot;sizes&quot;:[]},&quot;cms_scroll_vertical&quot;:&quot;yes&quot;,&quot;cms_scroll_vertical_direction&quot;:&quot;default&quot;,&quot;cms_scroll_vertical_timing&quot;:&quot;linear&quot;,&quot;cms_scroll_viewport&quot;:{&quot;unit&quot;:&quot;%&quot;,&quot;size&quot;:&quot;&quot;,&quot;sizes&quot;:{&quot;start&quot;:0,&quot;end&quot;:100}},&quot;cms_scroll_range&quot;:&quot;viewport&quot;,&quot;cms_scroll_devices&quot;:[&quot;desktop&quot;,&quot;tablet&quot;,&quot;mobile&quot;]}\" data-widget_type=\"image.default\">\n\t\t\t\t\t\t\t\t\t\t\t\t\t\t\t<img fetchpriority=\"high\" decoding=\"async\" width=\"1170\" height=\"1555\" src=\"https:\/\/gemmacallico.com\/wp-content\/uploads\/2025\/09\/IMG_1409.webp\" class=\"attachment-full size-full wp-image-44925\" alt=\"\" srcset=\"https:\/\/gemmacallico.com\/wp-content\/uploads\/2025\/09\/IMG_1409.webp 1170w, https:\/\/gemmacallico.com\/wp-content\/uploads\/2025\/09\/IMG_1409-600x797.webp 600w, https:\/\/gemmacallico.com\/wp-content\/uploads\/2025\/09\/IMG_1409-226x300.webp 226w, https:\/\/gemmacallico.com\/wp-content\/uploads\/2025\/09\/IMG_1409-770x1024.webp 770w, https:\/\/gemmacallico.com\/wp-content\/uploads\/2025\/09\/IMG_1409-768x1021.webp 768w, https:\/\/gemmacallico.com\/wp-content\/uploads\/2025\/09\/IMG_1409-1156x1536.webp 1156w\" sizes=\"(max-width: 1170px) 100vw, 1170px\" \/>\t\t\t\t\t\t\t\t\t\t\t\t\t\t\t<\/div>\n\t\t\t\t<\/div>\n\t\t<section class=\"elementor-element elementor-element-3929343 e-con-full e-flex cmsmasters-block-default e-con e-child\" data-id=\"3929343\" data-element_type=\"container\" data-e-type=\"container\">\n\t\t\t\t<div data-separate-animation-selector=\".cmsmasters-widget-icon-list-item\" data-text-animation-class=\"sequental, random, line, word, char\" class=\"elementor-element elementor-element-cebab1d cmsmasters-widget-align-left cmsmasters-widget-direction-reverse cmsmasters-widget-layout-row cmsmasters-widget-marker-element-icon cmsmasters-widget-marker-view-default cmsmasters-block-default cmsmasters-sticky-default elementor-widget elementor-widget-cmsmasters-icon-list cmsmasters-widget-icon-list\" data-id=\"cebab1d\" data-element_type=\"widget\" data-e-type=\"widget\" data-widget_type=\"cmsmasters-icon-list.default\">\n\t\t\t\t\t\t\t<ul class=\"cmsmasters-widget-icon-list-items\">\r\n\t\t\t\t\t\t\t<li class=\"cmsmasters-widget-icon-list-item active-icon-item\">\r\n\t\t\t\t\t\t\t\t<span class=\"cmsmasters-widget-icon-list-item-text-wrap\">\r\n\t\t\t\t\t\t\t\t\t\t\t<span class=\"cmsmasters-widget-icon-list-item-icon\">\r\n\t\t\t\t\t\t\t<span>\r\n\t\t\t\t\t\t\t\t\t\t\t\t\t\t\t\t\t<i aria-hidden=\"true\" class=\"cmsmsdemo-icon- cmsms-demo-icon-bullet\"><\/i>\t\t\t\t\t\t\t\t\t\t\t\t\t\t\t<\/span>\r\n\t\t\t\t\t\t<\/span>\r\n\t\t\t\t\t\t\t\t\t\t<span class=\"cmsmasters-widget-icon-list-item-text-inner elementor-repeater-item-66cf40d\">\r\n\t\t\t\t\t\t<span class=\"cmsmasters-widget-icon-list-item-text\">\r\n\t\t\t\t\t\t\tGEMMA CALLIC\u00d3 - tERAPEUTA HOL\u00cdSTICA\t\t\t\t\t\t<\/span>\r\n\t\t\t\t\t\t\t\t\t\t\t<\/span>\r\n\t\t\t\t<\/span>\r\n\t\t\t\t\t\t\t\t<\/li>\r\n\t\t\t\t\t<\/ul>\r\n\t\t\t\t\t\t<\/div>\n\t\t\t\t<div class=\"elementor-element elementor-element-e690919 cmsmasters-block-default cmsmasters-sticky-default elementor-widget elementor-widget-heading\" data-id=\"e690919\" data-element_type=\"widget\" data-e-type=\"widget\" data-widget_type=\"heading.default\">\n\t\t\t\t\t<h2 class=\"elementor-heading-title elementor-size-default\">Treball f\u00edsic, emocional i espiritual<\/h2>\t\t\t\t<\/div>\n\t\t\t\t<div class=\"elementor-element elementor-element-ee54626 elementor-widget__width-initial elementor-widget-tablet__width-inherit cmsmasters-block-default cmsmasters-sticky-default elementor-widget elementor-widget-heading\" data-id=\"ee54626\" data-element_type=\"widget\" data-e-type=\"widget\" data-widget_type=\"heading.default\">\n\t\t\t\t\t<p class=\"elementor-heading-title elementor-size-default\">El meu cam\u00ed com a terapeuta va comen\u00e7ar amb la fisioter\u00e0pia convencional, per\u00f2 amb els anys i l'experi\u00e8ncia vaig anar veient que treballar el cos f\u00edsic, no era suficient.<br><br>Darrere de cada contractura, dolor i\/o tensi\u00f3 tamb\u00e9 hi ha emocions, pensaments i mem\u00f2ries inconscients que influeixen en el nostre benestar.<br><br>\u00c9s per aix\u00f2 que vaig decidir seguir formant-me en diferents t\u00e8cniques i m\u00e8todes que em permetessin acompanyar a les persones de manera m\u00e9s completa, fins a crear el meu propi m\u00e8tode: la <b>Ter\u00e0pia INIEN<\/b>.<br><br>Amb aquesta ter\u00e0pia, acompanyo les persones, desbloquejant el cos energ\u00e8tic (f\u00edsic, emocional i espiritual) i alliberant tot all\u00f2 que limita des de l'inconscient.<br><br>El meu prop\u00f2sit: ajudar-te a sanar des de l'arrel i a trobar l'equilibri i reconnexi\u00f3 amb la teva \u00e0nima.<\/p>\t\t\t\t<\/div>\n\t\t\t\t<div class=\"elementor-element elementor-element-bf0dd36 popmake-44940 cmsmasters-button-tablet-align-center cmsmasters-button-mobile-align-center cmsmasters-block-default cmsmasters-sticky-default elementor-invisible elementor-widget elementor-widget-cmsmasters-button\" data-id=\"bf0dd36\" data-element_type=\"widget\" data-e-type=\"widget\" data-settings=\"{&quot;_animation&quot;:&quot;fadeIn&quot;}\" data-widget_type=\"cmsmasters-button.default\">\n\t\t\t\t\t<div class=\"elementor-widget-cmsmasters-button__button-container\"><div class=\"elementor-widget-cmsmasters-button__button-container-inner\"><a class=\"elementor-widget-cmsmasters-button__button cmsmasters-icon-view- cmsmasters-icon-shape- cmsmasters-button-size-sm\" role=\"button\" tabindex=\"0\"><span class=\"elementor-widget-cmsmasters-button__content-wrapper cmsmasters-align-icon-\"><span class=\"elementor-widget-cmsmasters-button__text\">Veure v\u00eddeo de 8 minuts<\/span><\/span><\/a><\/div><\/div>\t\t\t\t<\/div>\n\t\t\t\t<\/section>\n\t\t\t\t\t<\/div>\n\t\t\t\t<\/section>\n\t\t\t\t<\/div>\n\t\t","protected":false},"excerpt":{"rendered":"<p>IMMERSI\u00d3: Un retir hol\u00edstic de sanaci\u00f3 profunda. Com tornar a tu i alliberar-te de tot l&#8217;estr\u00e8s i l&#8217;ansietat en un cap de setmana. Veure el v\u00eddeo ara GEMMA CALLIC\u00d3 &#8211;&#8230;<\/p>\n","protected":false},"author":2,"featured_media":0,"parent":0,"menu_order":0,"comment_status":"closed","ping_status":"closed","template":"","meta":{"_acf_changed":false,"pmpro_default_level":"","footnotes":""},"class_list":["post-37907","page","type-page","status-publish","hentry","pmpro-has-access"],"acf":[],"yoast_head":"<!-- This site is optimized with the Yoast SEO plugin v27.4 - https:\/\/yoast.com\/product\/yoast-seo-wordpress\/ -->\n<title>Immersi\u00f3 - Gemma Callico<\/title>\n<meta name=\"description\" content=\"Immersi\u00f3: un retir hol\u00edstic de sanaci\u00f3 profunda. Com tornar a tu i alliberar-te de l&#039;estr\u00e8s i l&#039;ansietat en un cap de setmana. Sana des de l&#039;arrel i troba l&#039;equilibri i reconnexi\u00f3 amb la teva \u00e0nima.\" \/>\n<meta name=\"robots\" content=\"index, follow, max-snippet:-1, max-image-preview:large, max-video-preview:-1\" \/>\n<link rel=\"canonical\" href=\"https:\/\/gemmacallico.com\/\" \/>\n<meta property=\"og:locale\" content=\"ca_ES\" \/>\n<meta property=\"og:type\" content=\"article\" \/>\n<meta property=\"og:title\" content=\"Immersi\u00f3 - Gemma Callico\" \/>\n<meta property=\"og:description\" content=\"Immersi\u00f3: un retir hol\u00edstic de sanaci\u00f3 profunda. Com tornar a tu i alliberar-te de l&#039;estr\u00e8s i l&#039;ansietat en un cap de setmana. Sana des de l&#039;arrel i troba l&#039;equilibri i reconnexi\u00f3 amb la teva \u00e0nima.\" \/>\n<meta property=\"og:url\" content=\"https:\/\/gemmacallico.com\/\" \/>\n<meta property=\"og:site_name\" content=\"Gemma Callico\" \/>\n<meta property=\"article:modified_time\" content=\"2025-10-01T09:17:10+00:00\" \/>\n<meta property=\"og:image\" content=\"https:\/\/gemmacallico.com\/wp-content\/uploads\/2025\/09\/IMG_1409.webp\" \/>\n\t<meta property=\"og:image:width\" content=\"1170\" \/>\n\t<meta property=\"og:image:height\" content=\"1555\" \/>\n\t<meta property=\"og:image:type\" content=\"image\/webp\" \/>\n<meta name=\"twitter:card\" content=\"summary_large_image\" \/>\n<meta name=\"twitter:label1\" content=\"Temps estimat de lectura\" \/>\n\t<meta name=\"twitter:data1\" content=\"2 minuts\" \/>\n<script type=\"application\/ld+json\" class=\"yoast-schema-graph\">{\"@context\":\"https:\\\/\\\/schema.org\",\"@graph\":[{\"@type\":\"WebPage\",\"@id\":\"https:\\\/\\\/gemmacallico.com\\\/\",\"url\":\"https:\\\/\\\/gemmacallico.com\\\/\",\"name\":\"Immersi\u00f3 - Gemma Callico\",\"isPartOf\":{\"@id\":\"https:\\\/\\\/gemmacallico.com\\\/#website\"},\"primaryImageOfPage\":{\"@id\":\"https:\\\/\\\/gemmacallico.com\\\/#primaryimage\"},\"image\":{\"@id\":\"https:\\\/\\\/gemmacallico.com\\\/#primaryimage\"},\"thumbnailUrl\":\"https:\\\/\\\/gemmacallico.com\\\/wp-content\\\/uploads\\\/2025\\\/09\\\/IMG_1409.webp\",\"datePublished\":\"2024-07-04T20:58:32+00:00\",\"dateModified\":\"2025-10-01T09:17:10+00:00\",\"description\":\"Immersi\u00f3: un retir hol\u00edstic de sanaci\u00f3 profunda. Com tornar a tu i alliberar-te de l'estr\u00e8s i l'ansietat en un cap de setmana. Sana des de l'arrel i troba l'equilibri i reconnexi\u00f3 amb la teva \u00e0nima.\",\"breadcrumb\":{\"@id\":\"https:\\\/\\\/gemmacallico.com\\\/#breadcrumb\"},\"inLanguage\":\"ca\",\"potentialAction\":[{\"@type\":\"ReadAction\",\"target\":[\"https:\\\/\\\/gemmacallico.com\\\/\"]}]},{\"@type\":\"ImageObject\",\"inLanguage\":\"ca\",\"@id\":\"https:\\\/\\\/gemmacallico.com\\\/#primaryimage\",\"url\":\"https:\\\/\\\/gemmacallico.com\\\/wp-content\\\/uploads\\\/2025\\\/09\\\/IMG_1409.webp\",\"contentUrl\":\"https:\\\/\\\/gemmacallico.com\\\/wp-content\\\/uploads\\\/2025\\\/09\\\/IMG_1409.webp\",\"width\":1170,\"height\":1555,\"caption\":\"Screenshot\"},{\"@type\":\"BreadcrumbList\",\"@id\":\"https:\\\/\\\/gemmacallico.com\\\/#breadcrumb\",\"itemListElement\":[{\"@type\":\"ListItem\",\"position\":1,\"name\":\"Inici\",\"item\":\"https:\\\/\\\/gemmacallico.com\\\/\"},{\"@type\":\"ListItem\",\"position\":2,\"name\":\"Immersi\u00f3\"}]},{\"@type\":\"WebSite\",\"@id\":\"https:\\\/\\\/gemmacallico.com\\\/#website\",\"url\":\"https:\\\/\\\/gemmacallico.com\\\/\",\"name\":\"Gemma Callico\",\"description\":\"Fisioterapia hol\u00edstica\",\"publisher\":{\"@id\":\"https:\\\/\\\/gemmacallico.com\\\/#organization\"},\"potentialAction\":[{\"@type\":\"SearchAction\",\"target\":{\"@type\":\"EntryPoint\",\"urlTemplate\":\"https:\\\/\\\/gemmacallico.com\\\/?s={search_term_string}\"},\"query-input\":{\"@type\":\"PropertyValueSpecification\",\"valueRequired\":true,\"valueName\":\"search_term_string\"}}],\"inLanguage\":\"ca\"},{\"@type\":\"Organization\",\"@id\":\"https:\\\/\\\/gemmacallico.com\\\/#organization\",\"name\":\"Gemma Callico\",\"url\":\"https:\\\/\\\/gemmacallico.com\\\/\",\"logo\":{\"@type\":\"ImageObject\",\"inLanguage\":\"ca\",\"@id\":\"https:\\\/\\\/gemmacallico.com\\\/#\\\/schema\\\/logo\\\/image\\\/\",\"url\":\"https:\\\/\\\/gemmacallico.com\\\/wp-content\\\/uploads\\\/2025\\\/09\\\/Gemma-Logo.png\",\"contentUrl\":\"https:\\\/\\\/gemmacallico.com\\\/wp-content\\\/uploads\\\/2025\\\/09\\\/Gemma-Logo.png\",\"width\":748,\"height\":159,\"caption\":\"Gemma Callico\"},\"image\":{\"@id\":\"https:\\\/\\\/gemmacallico.com\\\/#\\\/schema\\\/logo\\\/image\\\/\"},\"sameAs\":[\"https:\\\/\\\/www.instagram.com\\\/gemma_callico\"]}]}<\/script>\n<!-- \/ Yoast SEO plugin. -->","yoast_head_json":{"title":"Immersi\u00f3 - Gemma Callico","description":"Immersi\u00f3: un retir hol\u00edstic de sanaci\u00f3 profunda. Com tornar a tu i alliberar-te de l'estr\u00e8s i l'ansietat en un cap de setmana. Sana des de l'arrel i troba l'equilibri i reconnexi\u00f3 amb la teva \u00e0nima.","robots":{"index":"index","follow":"follow","max-snippet":"max-snippet:-1","max-image-preview":"max-image-preview:large","max-video-preview":"max-video-preview:-1"},"canonical":"https:\/\/gemmacallico.com\/","og_locale":"ca_ES","og_type":"article","og_title":"Immersi\u00f3 - Gemma Callico","og_description":"Immersi\u00f3: un retir hol\u00edstic de sanaci\u00f3 profunda. Com tornar a tu i alliberar-te de l'estr\u00e8s i l'ansietat en un cap de setmana. Sana des de l'arrel i troba l'equilibri i reconnexi\u00f3 amb la teva \u00e0nima.","og_url":"https:\/\/gemmacallico.com\/","og_site_name":"Gemma Callico","article_modified_time":"2025-10-01T09:17:10+00:00","og_image":[{"width":1170,"height":1555,"url":"https:\/\/gemmacallico.com\/wp-content\/uploads\/2025\/09\/IMG_1409.webp","type":"image\/webp"}],"twitter_card":"summary_large_image","twitter_misc":{"Temps estimat de lectura":"2 minuts"},"schema":{"@context":"https:\/\/schema.org","@graph":[{"@type":"WebPage","@id":"https:\/\/gemmacallico.com\/","url":"https:\/\/gemmacallico.com\/","name":"Immersi\u00f3 - Gemma Callico","isPartOf":{"@id":"https:\/\/gemmacallico.com\/#website"},"primaryImageOfPage":{"@id":"https:\/\/gemmacallico.com\/#primaryimage"},"image":{"@id":"https:\/\/gemmacallico.com\/#primaryimage"},"thumbnailUrl":"https:\/\/gemmacallico.com\/wp-content\/uploads\/2025\/09\/IMG_1409.webp","datePublished":"2024-07-04T20:58:32+00:00","dateModified":"2025-10-01T09:17:10+00:00","description":"Immersi\u00f3: un retir hol\u00edstic de sanaci\u00f3 profunda. Com tornar a tu i alliberar-te de l'estr\u00e8s i l'ansietat en un cap de setmana. Sana des de l'arrel i troba l'equilibri i reconnexi\u00f3 amb la teva \u00e0nima.","breadcrumb":{"@id":"https:\/\/gemmacallico.com\/#breadcrumb"},"inLanguage":"ca","potentialAction":[{"@type":"ReadAction","target":["https:\/\/gemmacallico.com\/"]}]},{"@type":"ImageObject","inLanguage":"ca","@id":"https:\/\/gemmacallico.com\/#primaryimage","url":"https:\/\/gemmacallico.com\/wp-content\/uploads\/2025\/09\/IMG_1409.webp","contentUrl":"https:\/\/gemmacallico.com\/wp-content\/uploads\/2025\/09\/IMG_1409.webp","width":1170,"height":1555,"caption":"Screenshot"},{"@type":"BreadcrumbList","@id":"https:\/\/gemmacallico.com\/#breadcrumb","itemListElement":[{"@type":"ListItem","position":1,"name":"Inici","item":"https:\/\/gemmacallico.com\/"},{"@type":"ListItem","position":2,"name":"Immersi\u00f3"}]},{"@type":"WebSite","@id":"https:\/\/gemmacallico.com\/#website","url":"https:\/\/gemmacallico.com\/","name":"Gemma Callico","description":"Fisioterapia hol\u00edstica","publisher":{"@id":"https:\/\/gemmacallico.com\/#organization"},"potentialAction":[{"@type":"SearchAction","target":{"@type":"EntryPoint","urlTemplate":"https:\/\/gemmacallico.com\/?s={search_term_string}"},"query-input":{"@type":"PropertyValueSpecification","valueRequired":true,"valueName":"search_term_string"}}],"inLanguage":"ca"},{"@type":"Organization","@id":"https:\/\/gemmacallico.com\/#organization","name":"Gemma Callico","url":"https:\/\/gemmacallico.com\/","logo":{"@type":"ImageObject","inLanguage":"ca","@id":"https:\/\/gemmacallico.com\/#\/schema\/logo\/image\/","url":"https:\/\/gemmacallico.com\/wp-content\/uploads\/2025\/09\/Gemma-Logo.png","contentUrl":"https:\/\/gemmacallico.com\/wp-content\/uploads\/2025\/09\/Gemma-Logo.png","width":748,"height":159,"caption":"Gemma Callico"},"image":{"@id":"https:\/\/gemmacallico.com\/#\/schema\/logo\/image\/"},"sameAs":["https:\/\/www.instagram.com\/gemma_callico"]}]}},"_links":{"self":[{"href":"https:\/\/gemmacallico.com\/index.php\/wp-json\/wp\/v2\/pages\/37907","targetHints":{"allow":["GET"]}}],"collection":[{"href":"https:\/\/gemmacallico.com\/index.php\/wp-json\/wp\/v2\/pages"}],"about":[{"href":"https:\/\/gemmacallico.com\/index.php\/wp-json\/wp\/v2\/types\/page"}],"author":[{"embeddable":true,"href":"https:\/\/gemmacallico.com\/index.php\/wp-json\/wp\/v2\/users\/2"}],"replies":[{"embeddable":true,"href":"https:\/\/gemmacallico.com\/index.php\/wp-json\/wp\/v2\/comments?post=37907"}],"version-history":[{"count":74,"href":"https:\/\/gemmacallico.com\/index.php\/wp-json\/wp\/v2\/pages\/37907\/revisions"}],"predecessor-version":[{"id":45443,"href":"https:\/\/gemmacallico.com\/index.php\/wp-json\/wp\/v2\/pages\/37907\/revisions\/45443"}],"wp:attachment":[{"href":"https:\/\/gemmacallico.com\/index.php\/wp-json\/wp\/v2\/media?parent=37907"}],"curies":[{"name":"wp","href":"https:\/\/api.w.org\/{rel}","templated":true}]}}