{"id":45040,"date":"2025-09-24T11:33:40","date_gmt":"2025-09-24T09:33:40","guid":{"rendered":"https:\/\/gemmacallico.com\/?page_id=45040"},"modified":"2025-10-01T11:21:21","modified_gmt":"2025-10-01T09:21:21","slug":"registro-vsl","status":"publish","type":"page","link":"https:\/\/gemmacallico.com\/index.php\/registro-vsl\/","title":{"rendered":"P\u00e1gina registro VSL"},"content":{"rendered":"\t\t<div data-elementor-type=\"wp-page\" data-elementor-id=\"45040\" class=\"elementor elementor-45040\">\n\t\t\t\t\t\t<section class=\"elementor-section elementor-top-section elementor-element elementor-element-48f9c496 elementor-section-boxed elementor-section-height-default elementor-section-height-default cmsmasters-block-default\" data-id=\"48f9c496\" data-element_type=\"section\" data-e-type=\"section\">\n\t\t\t\t\t\t<div class=\"elementor-container elementor-column-gap-default\">\n\t\t\t\t\t<div class=\"elementor-column elementor-col-100 elementor-top-column elementor-element elementor-element-72328e1b\" data-id=\"72328e1b\" data-element_type=\"column\" data-e-type=\"column\">\n\t\t\t<div class=\"elementor-widget-wrap elementor-element-populated\">\n\t\t\t\t\t\t<div class=\"elementor-element elementor-element-1b4255c2 cmsmasters-block-default cmsmasters-sticky-default elementor-widget elementor-widget-text-editor\" data-id=\"1b4255c2\" data-element_type=\"widget\" data-e-type=\"widget\" data-widget_type=\"text-editor.default\">\n\t\t\t\t\t\t\t\t\t<div id=\"section-1635186100930\" data-section-id=\"1635186100930\"><div class=\"section background-light \" data-reveal-event=\"\" data-reveal-offset=\"\" data-reveal-units=\"seconds\"><div class=\"sizer \"><div class=\"container \"><div class=\"row align-items-center justify-content-center\"><div id=\"block-1664191415884\" class=\" block-type--text text-left col-6 \" data-reveal-event=\"\" data-reveal-offset=\"\" data-reveal-units=\"seconds\"><div class=\"block box-shadow-none background-unrecognized aos-init aos-animate\" data-aos=\"none\" data-aos-delay=\"0\" data-aos-duration=\"0\"><p><span style=\"font-weight: 400;\">V\u00eddeo de 15 min. <\/span><span style=\"font-weight: 400;\">Nom\u00e9s per a dones sobrecarregades que volen tornar a la calma!<\/span><\/p><\/div><\/div><\/div><\/div><\/div><\/div><\/div>\t\t\t\t\t\t\t\t<\/div>\n\t\t\t\t\t<\/div>\n\t\t<\/div>\n\t\t\t\t\t<\/div>\n\t\t<\/section>\n\t\t\t\t<section class=\"elementor-section elementor-top-section elementor-element elementor-element-bda4a01 elementor-section-boxed elementor-section-height-default elementor-section-height-default cmsmasters-block-default\" data-id=\"bda4a01\" data-element_type=\"section\" data-e-type=\"section\">\n\t\t\t\t\t\t<div class=\"elementor-container elementor-column-gap-default\">\n\t\t\t\t\t<div class=\"elementor-column elementor-col-100 elementor-top-column elementor-element elementor-element-791f594\" data-id=\"791f594\" data-element_type=\"column\" data-e-type=\"column\">\n\t\t\t<div class=\"elementor-widget-wrap elementor-element-populated\">\n\t\t\t\t\t\t<div class=\"elementor-element elementor-element-7c44061c cmsmasters-block-default cmsmasters-sticky-default elementor-widget elementor-widget-heading\" data-id=\"7c44061c\" data-element_type=\"widget\" data-e-type=\"widget\" data-widget_type=\"heading.default\">\n\t\t\t\t\t<h2 class=\"elementor-heading-title elementor-size-default\">Com tornar a tu i <b style=\"color:#EB008B\">alliberar-te de l\u2019estr\u00e8s i l\u2019ansietat en un cap de setmana<\/b> gr\u00e0cies a \u201cImmersi\u00f3\u201d: un retir hol\u00edstic de <b style=\"color:#EB008B\">sanaci\u00f3 profunda. <\/b>\n<\/h2>\t\t\t\t<\/div>\n\t\t\t\t\t<\/div>\n\t\t<\/div>\n\t\t\t\t\t<\/div>\n\t\t<\/section>\n\t\t\t\t<section class=\"elementor-section elementor-top-section elementor-element elementor-element-639a7045 elementor-section-boxed elementor-section-height-default elementor-section-height-default cmsmasters-block-default\" data-id=\"639a7045\" data-element_type=\"section\" data-e-type=\"section\">\n\t\t\t\t\t\t<div class=\"elementor-container elementor-column-gap-default\">\n\t\t\t\t\t<div class=\"elementor-column elementor-col-100 elementor-top-column elementor-element elementor-element-1fef0397\" data-id=\"1fef0397\" data-element_type=\"column\" data-e-type=\"column\">\n\t\t\t<div class=\"elementor-widget-wrap elementor-element-populated\">\n\t\t\t\t\t\t<div class=\"elementor-element elementor-element-50440151 elementor-align-center cmsmasters-block-default cmsmasters-sticky-default elementor-invisible elementor-widget elementor-widget-button\" data-id=\"50440151\" data-element_type=\"widget\" data-e-type=\"widget\" data-settings=\"{&quot;_animation&quot;:&quot;shake&quot;}\" data-widget_type=\"button.default\">\n\t\t\t\t\t\t\t\t\t\t<a class=\"elementor-button elementor-button-link elementor-size-lg\" href=\"https:\/\/preview.mailerlite.io\/forms\/1790973\/165508131155084942\/share\">\n\t\t\t\t\t\t<span class=\"elementor-button-content-wrapper\">\n\t\t\t\t\t\t\t\t\t<span class=\"elementor-button-text\">VULL VEURE'L ARA<\/span>\n\t\t\t\t\t<\/span>\n\t\t\t\t\t<\/a>\n\t\t\t\t\t\t\t\t<\/div>\n\t\t\t\t\t<\/div>\n\t\t<\/div>\n\t\t\t\t\t<\/div>\n\t\t<\/section>\n\t\t\t\t<section class=\"elementor-section elementor-top-section elementor-element elementor-element-3ca7ab21 elementor-section-boxed elementor-section-height-default elementor-section-height-default cmsmasters-block-default\" data-id=\"3ca7ab21\" data-element_type=\"section\" data-e-type=\"section\">\n\t\t\t\t\t\t<div class=\"elementor-container elementor-column-gap-default\">\n\t\t\t\t\t<div class=\"elementor-column elementor-col-50 elementor-top-column elementor-element elementor-element-7d9abe99\" data-id=\"7d9abe99\" data-element_type=\"column\" data-e-type=\"column\">\n\t\t\t<div class=\"elementor-widget-wrap elementor-element-populated\">\n\t\t\t\t\t\t<div class=\"elementor-element elementor-element-3130c21 cmsmasters-block-default cmsmasters-sticky-default elementor-widget elementor-widget-image\" data-id=\"3130c21\" data-element_type=\"widget\" data-e-type=\"widget\" data-widget_type=\"image.default\">\n\t\t\t\t\t\t\t\t\t\t\t\t\t\t\t<img fetchpriority=\"high\" decoding=\"async\" width=\"1024\" height=\"572\" src=\"https:\/\/gemmacallico.com\/wp-content\/uploads\/2025\/09\/Captura-de-pantalla-2025-09-25-a-las-9.37.55-1024x572.png\" class=\"attachment-large size-large wp-image-45222\" alt=\"\" srcset=\"https:\/\/gemmacallico.com\/wp-content\/uploads\/2025\/09\/Captura-de-pantalla-2025-09-25-a-las-9.37.55-1024x572.png 1024w, https:\/\/gemmacallico.com\/wp-content\/uploads\/2025\/09\/Captura-de-pantalla-2025-09-25-a-las-9.37.55-300x168.png 300w, https:\/\/gemmacallico.com\/wp-content\/uploads\/2025\/09\/Captura-de-pantalla-2025-09-25-a-las-9.37.55-768x429.png 768w, https:\/\/gemmacallico.com\/wp-content\/uploads\/2025\/09\/Captura-de-pantalla-2025-09-25-a-las-9.37.55-1536x858.png 1536w, https:\/\/gemmacallico.com\/wp-content\/uploads\/2025\/09\/Captura-de-pantalla-2025-09-25-a-las-9.37.55-2048x1144.png 2048w, https:\/\/gemmacallico.com\/wp-content\/uploads\/2025\/09\/Captura-de-pantalla-2025-09-25-a-las-9.37.55-537x300.png 537w, https:\/\/gemmacallico.com\/wp-content\/uploads\/2025\/09\/Captura-de-pantalla-2025-09-25-a-las-9.37.55-600x335.png 600w\" sizes=\"(max-width: 1024px) 100vw, 1024px\" \/>\t\t\t\t\t\t\t\t\t\t\t\t\t\t\t<\/div>\n\t\t\t\t\t<\/div>\n\t\t<\/div>\n\t\t\t\t<div class=\"elementor-column elementor-col-50 elementor-top-column elementor-element elementor-element-40bd1ae6\" data-id=\"40bd1ae6\" data-element_type=\"column\" data-e-type=\"column\">\n\t\t\t<div class=\"elementor-widget-wrap elementor-element-populated\">\n\t\t\t\t\t\t<div class=\"elementor-element elementor-element-cf79816 elementor-icon-list--layout-traditional elementor-list-item-link-full_width cmsmasters-block-default cmsmasters-sticky-default elementor-widget elementor-widget-icon-list\" data-id=\"cf79816\" data-element_type=\"widget\" data-e-type=\"widget\" data-widget_type=\"icon-list.default\">\n\t\t\t\t\t\t\t<ul class=\"elementor-icon-list-items\">\n\t\t\t\t\t\t\t<li class=\"elementor-icon-list-item\">\n\t\t\t\t\t\t\t\t\t\t\t<span class=\"elementor-icon-list-icon\">\n\t\t\t\t\t\t\t<svg aria-hidden=\"true\" class=\"e-font-icon-svg e-fas-check\" viewBox=\"0 0 512 512\" xmlns=\"http:\/\/www.w3.org\/2000\/svg\"><path d=\"M173.898 439.404l-166.4-166.4c-9.997-9.997-9.997-26.206 0-36.204l36.203-36.204c9.997-9.998 26.207-9.998 36.204 0L192 312.69 432.095 72.596c9.997-9.997 26.207-9.997 36.204 0l36.203 36.204c9.997 9.997 9.997 26.206 0 36.204l-294.4 294.401c-9.998 9.997-26.207 9.997-36.204-.001z\"><\/path><\/svg>\t\t\t\t\t\t<\/span>\n\t\t\t\t\t\t\t\t\t\t<span class=\"elementor-icon-list-text\">Sense haver d\u2019ocupar-te tu sola del proc\u00e9s.<\/span>\n\t\t\t\t\t\t\t\t\t<\/li>\n\t\t\t\t\t\t\t\t<li class=\"elementor-icon-list-item\">\n\t\t\t\t\t\t\t\t\t\t\t<span class=\"elementor-icon-list-icon\">\n\t\t\t\t\t\t\t<svg aria-hidden=\"true\" class=\"e-font-icon-svg e-fas-check\" viewBox=\"0 0 512 512\" xmlns=\"http:\/\/www.w3.org\/2000\/svg\"><path d=\"M173.898 439.404l-166.4-166.4c-9.997-9.997-9.997-26.206 0-36.204l36.203-36.204c9.997-9.998 26.207-9.998 36.204 0L192 312.69 432.095 72.596c9.997-9.997 26.207-9.997 36.204 0l36.203 36.204c9.997 9.997 9.997 26.206 0 36.204l-294.4 294.401c-9.998 9.997-26.207 9.997-36.204-.001z\"><\/path><\/svg>\t\t\t\t\t\t<\/span>\n\t\t\t\t\t\t\t\t\t\t<span class=\"elementor-icon-list-text\">Sense haver de pensar en ning\u00fa m\u00e9s que en tu.<\/span>\n\t\t\t\t\t\t\t\t\t<\/li>\n\t\t\t\t\t\t\t\t<li class=\"elementor-icon-list-item\">\n\t\t\t\t\t\t\t\t\t\t\t<span class=\"elementor-icon-list-icon\">\n\t\t\t\t\t\t\t<svg aria-hidden=\"true\" class=\"e-font-icon-svg e-fas-check\" viewBox=\"0 0 512 512\" xmlns=\"http:\/\/www.w3.org\/2000\/svg\"><path d=\"M173.898 439.404l-166.4-166.4c-9.997-9.997-9.997-26.206 0-36.204l36.203-36.204c9.997-9.998 26.207-9.998 36.204 0L192 312.69 432.095 72.596c9.997-9.997 26.207-9.997 36.204 0l36.203 36.204c9.997 9.997 9.997 26.206 0 36.204l-294.4 294.401c-9.998 9.997-26.207 9.997-36.204-.001z\"><\/path><\/svg>\t\t\t\t\t\t<\/span>\n\t\t\t\t\t\t\t\t\t\t<span class=\"elementor-icon-list-text\">Sense haver de canviar res que t\u2019aporti pau.<\/span>\n\t\t\t\t\t\t\t\t\t<\/li>\n\t\t\t\t\t\t<\/ul>\n\t\t\t\t\t\t<\/div>\n\t\t\t\t<div class=\"elementor-element elementor-element-62a6a819 cmsmasters-block-default cmsmasters-sticky-default elementor-widget elementor-widget-text-editor\" data-id=\"62a6a819\" data-element_type=\"widget\" data-e-type=\"widget\" data-widget_type=\"text-editor.default\">\n\t\t\t\t\t\t\t\t\t<p><span style=\"font-weight: 400;\">Amb un innovador sistema de treball en el que integrem tractament individual dins del treball grupal amb el que he acompanyat a la sanaci\u00f3 a m\u00e9s de 150 dones.<\/span><\/p>\t\t\t\t\t\t\t\t<\/div>\n\t\t\t\t<div class=\"elementor-element elementor-element-4900e5b7 elementor-align-center cmsmasters-block-default cmsmasters-sticky-default elementor-invisible elementor-widget elementor-widget-button\" data-id=\"4900e5b7\" data-element_type=\"widget\" data-e-type=\"widget\" data-settings=\"{&quot;_animation&quot;:&quot;shake&quot;}\" data-widget_type=\"button.default\">\n\t\t\t\t\t\t\t\t\t\t<a class=\"elementor-button elementor-button-link elementor-size-lg\" href=\"https:\/\/preview.mailerlite.io\/forms\/1790973\/165508131155084942\/share\">\n\t\t\t\t\t\t<span class=\"elementor-button-content-wrapper\">\n\t\t\t\t\t\t\t\t\t<span class=\"elementor-button-text\">VULL VEURE'L ARA<\/span>\n\t\t\t\t\t<\/span>\n\t\t\t\t\t<\/a>\n\t\t\t\t\t\t\t\t<\/div>\n\t\t\t\t\t<\/div>\n\t\t<\/div>\n\t\t\t\t\t<\/div>\n\t\t<\/section>\n\t\t\t\t<section class=\"elementor-section elementor-top-section elementor-element elementor-element-303bc6fa elementor-section-boxed elementor-section-height-default elementor-section-height-default cmsmasters-block-default\" data-id=\"303bc6fa\" data-element_type=\"section\" data-e-type=\"section\" data-settings=\"{&quot;background_background&quot;:&quot;classic&quot;}\">\n\t\t\t\t\t\t<div class=\"elementor-container elementor-column-gap-default\">\n\t\t\t\t\t<div class=\"elementor-column elementor-col-100 elementor-top-column elementor-element elementor-element-3fe87b1c\" data-id=\"3fe87b1c\" data-element_type=\"column\" data-e-type=\"column\">\n\t\t\t<div class=\"elementor-widget-wrap elementor-element-populated\">\n\t\t\t\t\t\t<div class=\"elementor-element elementor-element-3e795275 elementor-widget__width-inherit cmsmasters-block-default cmsmasters-sticky-default elementor-widget elementor-widget-image\" data-id=\"3e795275\" data-element_type=\"widget\" data-e-type=\"widget\" data-widget_type=\"image.default\">\n\t\t\t\t\t\t\t\t\t\t\t\t\t\t\t<img decoding=\"async\" width=\"748\" height=\"159\" src=\"https:\/\/gemmacallico.com\/wp-content\/uploads\/2025\/09\/Gemma-Logo-1.png\" class=\"attachment-full size-full wp-image-45194\" alt=\"\" srcset=\"https:\/\/gemmacallico.com\/wp-content\/uploads\/2025\/09\/Gemma-Logo-1.png 748w, https:\/\/gemmacallico.com\/wp-content\/uploads\/2025\/09\/Gemma-Logo-1-300x64.png 300w, https:\/\/gemmacallico.com\/wp-content\/uploads\/2025\/09\/Gemma-Logo-1-600x128.png 600w\" sizes=\"(max-width: 748px) 100vw, 748px\" \/>\t\t\t\t\t\t\t\t\t\t\t\t\t\t\t<\/div>\n\t\t\t\t<div class=\"elementor-element elementor-element-77b05384 cmsmasters-block-default cmsmasters-sticky-default elementor-widget elementor-widget-text-editor\" data-id=\"77b05384\" data-element_type=\"widget\" data-e-type=\"widget\" data-widget_type=\"text-editor.default\">\n\t\t\t\t\t\t\t\t\t<p style=\"text-align: center;\"><span style=\"color: #ffffff;\">\u00a9 2025 gemmacallico.com. Tots els drets reservats. Aquest lloc no \u00e9s part del lloc web de Facebook o Facebook Inc. Additionally. Aquest lloc \u00e9s NOT endorsed per Facebook in any way. FACEBOOK \u00e9s a trademark of Facebook Inc.<\/span><\/p>\t\t\t\t\t\t\t\t<\/div>\n\t\t\t\t\t<\/div>\n\t\t<\/div>\n\t\t\t\t\t<\/div>\n\t\t<\/section>\n\t\t\t\t<\/div>\n\t\t","protected":false},"excerpt":{"rendered":"<p>V\u00eddeo de 15 min. Nom\u00e9s per a dones sobrecarregades que volen tornar a la calma! Com tornar a tu i alliberar-te de l\u2019estr\u00e8s i l\u2019ansietat en un cap de setmana&#8230;<\/p>\n","protected":false},"author":3,"featured_media":0,"parent":0,"menu_order":0,"comment_status":"closed","ping_status":"closed","template":"elementor_canvas","meta":{"_acf_changed":false,"pmpro_default_level":"","footnotes":""},"class_list":["post-45040","page","type-page","status-publish","hentry","pmpro-has-access"],"acf":[],"yoast_head":"<!-- This site is optimized with the Yoast SEO plugin v27.5 - https:\/\/yoast.com\/product\/yoast-seo-wordpress\/ -->\n<title>P\u00e1gina registro VSL - Gemma Callico<\/title>\n<meta name=\"robots\" content=\"noindex, nofollow\" \/>\n<meta property=\"og:locale\" content=\"ca_ES\" \/>\n<meta property=\"og:type\" content=\"article\" \/>\n<meta property=\"og:title\" content=\"P\u00e1gina registro VSL - Gemma Callico\" \/>\n<meta property=\"og:description\" content=\"V\u00eddeo de 15 min. Nom\u00e9s per a dones sobrecarregades que volen tornar a la calma! Com tornar a tu i alliberar-te de l\u2019estr\u00e8s i l\u2019ansietat en un cap de setmana...\" \/>\n<meta property=\"og:url\" content=\"https:\/\/gemmacallico.com\/index.php\/registro-vsl\/\" \/>\n<meta property=\"og:site_name\" content=\"Gemma Callico\" \/>\n<meta property=\"article:modified_time\" content=\"2025-10-01T09:21:21+00:00\" \/>\n<meta property=\"og:image\" content=\"https:\/\/gemmacallico.com\/wp-content\/uploads\/2025\/09\/Captura-de-pantalla-2025-09-25-a-las-9.37.55-1024x572.png\" \/>\n\t<meta property=\"og:image:width\" content=\"1024\" \/>\n\t<meta property=\"og:image:height\" content=\"572\" \/>\n\t<meta property=\"og:image:type\" content=\"image\/png\" \/>\n<meta name=\"twitter:card\" content=\"summary_large_image\" \/>\n<meta name=\"twitter:label1\" content=\"Temps estimat de lectura\" \/>\n\t<meta name=\"twitter:data1\" content=\"2 minuts\" \/>\n<script type=\"application\/ld+json\" class=\"yoast-schema-graph\">{\"@context\":\"https:\\\/\\\/schema.org\",\"@graph\":[{\"@type\":\"WebPage\",\"@id\":\"https:\\\/\\\/gemmacallico.com\\\/index.php\\\/registro-vsl\\\/\",\"url\":\"https:\\\/\\\/gemmacallico.com\\\/index.php\\\/registro-vsl\\\/\",\"name\":\"P\u00e1gina registro VSL - Gemma Callico\",\"isPartOf\":{\"@id\":\"https:\\\/\\\/gemmacallico.com\\\/#website\"},\"primaryImageOfPage\":{\"@id\":\"https:\\\/\\\/gemmacallico.com\\\/index.php\\\/registro-vsl\\\/#primaryimage\"},\"image\":{\"@id\":\"https:\\\/\\\/gemmacallico.com\\\/index.php\\\/registro-vsl\\\/#primaryimage\"},\"thumbnailUrl\":\"https:\\\/\\\/gemmacallico.com\\\/wp-content\\\/uploads\\\/2025\\\/09\\\/Captura-de-pantalla-2025-09-25-a-las-9.37.55-1024x572.png\",\"datePublished\":\"2025-09-24T09:33:40+00:00\",\"dateModified\":\"2025-10-01T09:21:21+00:00\",\"breadcrumb\":{\"@id\":\"https:\\\/\\\/gemmacallico.com\\\/index.php\\\/registro-vsl\\\/#breadcrumb\"},\"inLanguage\":\"ca\",\"potentialAction\":[{\"@type\":\"ReadAction\",\"target\":[\"https:\\\/\\\/gemmacallico.com\\\/index.php\\\/registro-vsl\\\/\"]}]},{\"@type\":\"ImageObject\",\"inLanguage\":\"ca\",\"@id\":\"https:\\\/\\\/gemmacallico.com\\\/index.php\\\/registro-vsl\\\/#primaryimage\",\"url\":\"https:\\\/\\\/gemmacallico.com\\\/wp-content\\\/uploads\\\/2025\\\/09\\\/Captura-de-pantalla-2025-09-25-a-las-9.37.55.png\",\"contentUrl\":\"https:\\\/\\\/gemmacallico.com\\\/wp-content\\\/uploads\\\/2025\\\/09\\\/Captura-de-pantalla-2025-09-25-a-las-9.37.55.png\",\"width\":2066,\"height\":1154},{\"@type\":\"BreadcrumbList\",\"@id\":\"https:\\\/\\\/gemmacallico.com\\\/index.php\\\/registro-vsl\\\/#breadcrumb\",\"itemListElement\":[{\"@type\":\"ListItem\",\"position\":1,\"name\":\"Inici\",\"item\":\"https:\\\/\\\/gemmacallico.com\\\/\"},{\"@type\":\"ListItem\",\"position\":2,\"name\":\"P\u00e1gina registro VSL\"}]},{\"@type\":\"WebSite\",\"@id\":\"https:\\\/\\\/gemmacallico.com\\\/#website\",\"url\":\"https:\\\/\\\/gemmacallico.com\\\/\",\"name\":\"Gemma Callico\",\"description\":\"Fisioterapia hol\u00edstica\",\"publisher\":{\"@id\":\"https:\\\/\\\/gemmacallico.com\\\/#organization\"},\"potentialAction\":[{\"@type\":\"SearchAction\",\"target\":{\"@type\":\"EntryPoint\",\"urlTemplate\":\"https:\\\/\\\/gemmacallico.com\\\/?s={search_term_string}\"},\"query-input\":{\"@type\":\"PropertyValueSpecification\",\"valueRequired\":true,\"valueName\":\"search_term_string\"}}],\"inLanguage\":\"ca\"},{\"@type\":\"Organization\",\"@id\":\"https:\\\/\\\/gemmacallico.com\\\/#organization\",\"name\":\"Gemma Callico\",\"url\":\"https:\\\/\\\/gemmacallico.com\\\/\",\"logo\":{\"@type\":\"ImageObject\",\"inLanguage\":\"ca\",\"@id\":\"https:\\\/\\\/gemmacallico.com\\\/#\\\/schema\\\/logo\\\/image\\\/\",\"url\":\"https:\\\/\\\/gemmacallico.com\\\/wp-content\\\/uploads\\\/2025\\\/09\\\/Gemma-Logo.png\",\"contentUrl\":\"https:\\\/\\\/gemmacallico.com\\\/wp-content\\\/uploads\\\/2025\\\/09\\\/Gemma-Logo.png\",\"width\":748,\"height\":159,\"caption\":\"Gemma Callico\"},\"image\":{\"@id\":\"https:\\\/\\\/gemmacallico.com\\\/#\\\/schema\\\/logo\\\/image\\\/\"},\"sameAs\":[\"https:\\\/\\\/www.instagram.com\\\/gemma_callico\"]}]}<\/script>\n<!-- \/ Yoast SEO plugin. -->","yoast_head_json":{"title":"P\u00e1gina registro VSL - Gemma Callico","robots":{"index":"noindex","follow":"nofollow"},"og_locale":"ca_ES","og_type":"article","og_title":"P\u00e1gina registro VSL - Gemma Callico","og_description":"V\u00eddeo de 15 min. Nom\u00e9s per a dones sobrecarregades que volen tornar a la calma! Com tornar a tu i alliberar-te de l\u2019estr\u00e8s i l\u2019ansietat en un cap de setmana...","og_url":"https:\/\/gemmacallico.com\/index.php\/registro-vsl\/","og_site_name":"Gemma Callico","article_modified_time":"2025-10-01T09:21:21+00:00","og_image":[{"width":1024,"height":572,"url":"https:\/\/gemmacallico.com\/wp-content\/uploads\/2025\/09\/Captura-de-pantalla-2025-09-25-a-las-9.37.55-1024x572.png","type":"image\/png"}],"twitter_card":"summary_large_image","twitter_misc":{"Temps estimat de lectura":"2 minuts"},"schema":{"@context":"https:\/\/schema.org","@graph":[{"@type":"WebPage","@id":"https:\/\/gemmacallico.com\/index.php\/registro-vsl\/","url":"https:\/\/gemmacallico.com\/index.php\/registro-vsl\/","name":"P\u00e1gina registro VSL - Gemma Callico","isPartOf":{"@id":"https:\/\/gemmacallico.com\/#website"},"primaryImageOfPage":{"@id":"https:\/\/gemmacallico.com\/index.php\/registro-vsl\/#primaryimage"},"image":{"@id":"https:\/\/gemmacallico.com\/index.php\/registro-vsl\/#primaryimage"},"thumbnailUrl":"https:\/\/gemmacallico.com\/wp-content\/uploads\/2025\/09\/Captura-de-pantalla-2025-09-25-a-las-9.37.55-1024x572.png","datePublished":"2025-09-24T09:33:40+00:00","dateModified":"2025-10-01T09:21:21+00:00","breadcrumb":{"@id":"https:\/\/gemmacallico.com\/index.php\/registro-vsl\/#breadcrumb"},"inLanguage":"ca","potentialAction":[{"@type":"ReadAction","target":["https:\/\/gemmacallico.com\/index.php\/registro-vsl\/"]}]},{"@type":"ImageObject","inLanguage":"ca","@id":"https:\/\/gemmacallico.com\/index.php\/registro-vsl\/#primaryimage","url":"https:\/\/gemmacallico.com\/wp-content\/uploads\/2025\/09\/Captura-de-pantalla-2025-09-25-a-las-9.37.55.png","contentUrl":"https:\/\/gemmacallico.com\/wp-content\/uploads\/2025\/09\/Captura-de-pantalla-2025-09-25-a-las-9.37.55.png","width":2066,"height":1154},{"@type":"BreadcrumbList","@id":"https:\/\/gemmacallico.com\/index.php\/registro-vsl\/#breadcrumb","itemListElement":[{"@type":"ListItem","position":1,"name":"Inici","item":"https:\/\/gemmacallico.com\/"},{"@type":"ListItem","position":2,"name":"P\u00e1gina registro VSL"}]},{"@type":"WebSite","@id":"https:\/\/gemmacallico.com\/#website","url":"https:\/\/gemmacallico.com\/","name":"Gemma Callico","description":"Fisioterapia hol\u00edstica","publisher":{"@id":"https:\/\/gemmacallico.com\/#organization"},"potentialAction":[{"@type":"SearchAction","target":{"@type":"EntryPoint","urlTemplate":"https:\/\/gemmacallico.com\/?s={search_term_string}"},"query-input":{"@type":"PropertyValueSpecification","valueRequired":true,"valueName":"search_term_string"}}],"inLanguage":"ca"},{"@type":"Organization","@id":"https:\/\/gemmacallico.com\/#organization","name":"Gemma Callico","url":"https:\/\/gemmacallico.com\/","logo":{"@type":"ImageObject","inLanguage":"ca","@id":"https:\/\/gemmacallico.com\/#\/schema\/logo\/image\/","url":"https:\/\/gemmacallico.com\/wp-content\/uploads\/2025\/09\/Gemma-Logo.png","contentUrl":"https:\/\/gemmacallico.com\/wp-content\/uploads\/2025\/09\/Gemma-Logo.png","width":748,"height":159,"caption":"Gemma Callico"},"image":{"@id":"https:\/\/gemmacallico.com\/#\/schema\/logo\/image\/"},"sameAs":["https:\/\/www.instagram.com\/gemma_callico"]}]}},"_links":{"self":[{"href":"https:\/\/gemmacallico.com\/index.php\/wp-json\/wp\/v2\/pages\/45040","targetHints":{"allow":["GET"]}}],"collection":[{"href":"https:\/\/gemmacallico.com\/index.php\/wp-json\/wp\/v2\/pages"}],"about":[{"href":"https:\/\/gemmacallico.com\/index.php\/wp-json\/wp\/v2\/types\/page"}],"author":[{"embeddable":true,"href":"https:\/\/gemmacallico.com\/index.php\/wp-json\/wp\/v2\/users\/3"}],"replies":[{"embeddable":true,"href":"https:\/\/gemmacallico.com\/index.php\/wp-json\/wp\/v2\/comments?post=45040"}],"version-history":[{"count":103,"href":"https:\/\/gemmacallico.com\/index.php\/wp-json\/wp\/v2\/pages\/45040\/revisions"}],"predecessor-version":[{"id":45452,"href":"https:\/\/gemmacallico.com\/index.php\/wp-json\/wp\/v2\/pages\/45040\/revisions\/45452"}],"wp:attachment":[{"href":"https:\/\/gemmacallico.com\/index.php\/wp-json\/wp\/v2\/media?parent=45040"}],"curies":[{"name":"wp","href":"https:\/\/api.w.org\/{rel}","templated":true}]}}